{"id":6040,"date":"2020-12-07T19:09:04","date_gmt":"2020-12-07T19:09:04","guid":{"rendered":"https:\/\/flowragency.com\/?page_id=6040"},"modified":"2023-01-18T09:01:36","modified_gmt":"2023-01-18T09:01:36","slug":"politique-de-confidentialite","status":"publish","type":"page","link":"https:\/\/flowragency.com\/en\/politique-de-confidentialite\/","title":{"rendered":"Privacy Policy"},"content":{"rendered":"\t\t<div data-elementor-type=\"wp-page\" data-elementor-id=\"6040\" class=\"elementor elementor-6040\" data-elementor-post-type=\"page\">\n\t\t\t\t<div class=\"elementor-element elementor-element-06ae3fc e-flex e-con-boxed e-con e-parent\" data-id=\"06ae3fc\" data-element_type=\"container\" data-e-type=\"container\" data-settings=\"{&quot;background_background&quot;:&quot;classic&quot;,&quot;background_motion_fx_motion_fx_scrolling&quot;:&quot;yes&quot;,&quot;background_motion_fx_translateY_effect&quot;:&quot;yes&quot;,&quot;background_motion_fx_translateY_speed&quot;:{&quot;unit&quot;:&quot;px&quot;,&quot;size&quot;:4,&quot;sizes&quot;:[]},&quot;background_motion_fx_translateY_affectedRange&quot;:{&quot;unit&quot;:&quot;%&quot;,&quot;size&quot;:&quot;&quot;,&quot;sizes&quot;:{&quot;start&quot;:0,&quot;end&quot;:100}},&quot;background_motion_fx_devices&quot;:[&quot;desktop&quot;,&quot;tablet&quot;,&quot;mobile&quot;]}\">\n\t\t\t\t\t<div class=\"e-con-inner\">\n\t\t\t\t<div class=\"elementor-element elementor-element-f5153c1 elementor-widget elementor-widget-heading\" data-id=\"f5153c1\" data-element_type=\"widget\" data-e-type=\"widget\" data-widget_type=\"heading.default\">\n\t\t\t\t<div class=\"elementor-widget-container\">\n\t\t\t\t\t<h2 class=\"elementor-heading-title elementor-size-default\">Politique de confidentialit\u00e9<\/h2>\t\t\t\t<\/div>\n\t\t\t\t<\/div>\n\t\t\t\t<div class=\"elementor-element elementor-element-27689c9 elementor-widget elementor-widget-text-editor\" data-id=\"27689c9\" data-element_type=\"widget\" data-e-type=\"widget\" data-widget_type=\"text-editor.default\">\n\t\t\t\t<div class=\"elementor-widget-container\">\n\t\t\t\t\t\t\t\t\t<p><b>Prenez le contr\u00f4le<\/b> de votre croissance digitale.<\/p>\t\t\t\t\t\t\t\t<\/div>\n\t\t\t\t<\/div>\n\t\t\t\t\t<\/div>\n\t\t\t\t<\/div>\n\t\t<div class=\"elementor-element elementor-element-f27a37c e-flex e-con-boxed e-con e-parent\" data-id=\"f27a37c\" data-element_type=\"container\" data-e-type=\"container\">\n\t\t\t\t\t<div class=\"e-con-inner\">\n\t\t\t\t<div class=\"elementor-element elementor-element-7457689 elementor-widget elementor-widget-text-editor\" data-id=\"7457689\" data-element_type=\"widget\" data-e-type=\"widget\" data-widget_type=\"text-editor.default\">\n\t\t\t\t<div class=\"elementor-widget-container\">\n\t\t\t\t\t\t\t\t\t<p><\/p>\n<p><span style=\"font-weight: 400;\">Flowr Agency s&rsquo;engage \u00e0 prot\u00e9ger votre vie priv\u00e9e. Contactez-nous \u00e0 l&rsquo;adresse <a href=\"mailto:contact@expatstudent.fr\">hello@flowragency.com<\/a> si vous avez des questions ou des probl\u00e8mes concernant l&rsquo;utilisation de vos donn\u00e9es personnelles et nous serons heureux de vous aider.<\/span><\/p>\n<p><span style=\"font-weight: 400;\">En utilisant ce site ou\/et nos services, vous consentez au traitement de vos donn\u00e9es personnelles tel que d\u00e9crit dans la pr\u00e9sente politique de confidentialit\u00e9.<\/span><\/p>\n<h4 class=\"wp-block-heading\"><strong><span style=\"color: #292039;\">Sommaire<\/span><\/strong><\/h4>\n<p><\/p>\n<p><\/p>\n<ol class=\"wp-block-list\">\n<li><a href=\"#gdpr-definitions\">D\u00e9finitions utilis\u00e9es dans la pr\u00e9sente politique de confidentialit\u00e9<\/a><\/li>\n<li><a href=\"#gdpr-collecte\">Collecte de l&rsquo;information<\/a><\/li>\n<li><a href=\"#gdpr-utilisation\">Utilisation des informations<\/a><\/li>\n<li><a href=\"#gdpr-confindentialite\">Confidentialit\u00e9 des informations<\/a><\/li>\n<li><a href=\"#gdpr-divulgation\">Divulgation \u00e0 des tiers<\/a><\/li>\n<li><a href=\"#gdpr-protection\">Protection des informations<\/a><\/li>\n<li><a href=\"#gdpr-desabonnement\">Se d\u00e9sabonner<\/a><\/li>\n<li><a href=\"#gdpr-consentement\">Consentement<\/a><\/li>\n<li><a href=\"#gdpr-cookies\">Utilisation des cookies<\/a><\/li>\n<li><a href=\"#contact\">Contact information<\/a><\/li>\n<li><a href=\"#gdpr-controle\">Autorit\u00e9 de contr\u00f4le<\/a><\/li>\n<\/ol>\n<h4 id=\"gdpr-definitions\"><strong><span style=\"color: #292039;\">1. D\u00e9finitions<\/span><\/strong><\/h4>\n<p><\/p>\n<p><\/p>\n<p><span style=\"font-weight: 400;\"><strong> Donn\u00e9es personnelles<\/strong> &#8211; toute information relative \u00e0 une personne physique identifi\u00e9e ou identifiable.<br \/><strong>Traitement<\/strong> &#8211; toute op\u00e9ration ou ensemble d&rsquo;op\u00e9rations effectu\u00e9es sur des donn\u00e9es \u00e0 caract\u00e8re personnel ou sur des ensembles de donn\u00e9es \u00e0 caract\u00e8re personnel.<br \/><strong>Personne concern\u00e9e<\/strong> &#8211; une personne physique dont les donn\u00e9es \u00e0 caract\u00e8re personnel sont trait\u00e9es.<br \/><strong>Enfant<\/strong> &#8211; une personne physique \u00e2g\u00e9e de moins de 16 ans.<br \/><strong>Nous\/nous<\/strong> (avec ou sans majuscules) &#8211; Flowr Agency<\/span><\/p>\n<h4 id=\"gdpr-collecte\"><strong><span style=\"color: #292039;\">2. Collecte de l&rsquo;information<\/span><\/strong><\/h4>\n<p><span style=\"font-weight: 400;\"><\/span><\/p>\n<p><\/p>\n<p><span style=\"font-weight: 400;\">Nous recueillons des informations lorsque vous naviguez sur notre site et lorsque vous utilisez le formulaire de contact. Les informations recueillies incluent votre nom, adresse e-mail, num\u00e9ro de t\u00e9l\u00e9phone et\/ou votre message. En outre, nous recevons et enregistrons automatiquement des informations \u00e0 partir de votre ordinateur et navigateur, y compris votre adresse IP, vos logiciels et votre mat\u00e9riel, la langue de votre navigateur, votre localisation g\u00e9ographique et la page que vous demandez.<\/span><\/p>\n<p><span style=\"font-weight: 400;\"><\/span><\/p>\n<p><\/p>\n<h4 class=\"wp-block-heading\" id=\"gdpr-utilisation\"><strong><span style=\"color: #292039;\">3. Utilisation des informations<\/span><\/strong><\/h4>\n<p><span style=\"font-weight: 400;\"><\/span><\/p>\n<p><\/p>\n<p>Toutes les informations que nous recueillons aupr\u00e8s de vous peuvent \u00eatre utilis\u00e9es pour :<\/p>\n<p><span style=\"font-weight: 400;\"><\/span><\/p>\n<p><\/p>\n<ul class=\"wp-block-list\">\n<li>Personnaliser votre exp\u00e9rience et r\u00e9pondre \u00e0 vos besoins individuels<\/li>\n<li>Am\u00e9liorer notre site Web<\/li>\n<li>Am\u00e9liorer le service client et vos besoins de prise en charge<\/li>\n<li>Vous contacter par e-mail ou t\u00e9l\u00e9phone<\/li>\n<li>Am\u00e9liorer votre exp\u00e9rience en tant que client<\/li>\n<li>Remplir une obligation l\u00e9gale ou contractuelle<\/li>\n<li>Personnaliser votre exp\u00e9rience et r\u00e9pondre \u00e0 vos besoins individuels<\/li>\n<\/ul>\n<p>Vos donn\u00e9es sont conserv\u00e9es \u00e0 des fins marketing pour une dur\u00e9e maximale de 3 ans. Vous pouvez \u00e0 tout moement en demander l&rsquo;effacement ou l&rsquo;anonymisation.<\/p>\n<p><span style=\"font-weight: 400;\"><\/span><\/p>\n<p><\/p>\n<h4 class=\"wp-block-heading\" id=\"gdpr-confidentialite\"><span style=\"color: #292039;\"><strong>4. Confidentialit\u00e9 des informations<\/strong><\/span><\/h4>\n<p><span style=\"font-weight: 400;\"><\/span><\/p>\n<p><\/p>\n<p><span style=\"font-weight: 400;\">Nous sommes les seuls propri\u00e9taires des informations recueillies sur ce site. Vos informations personnelles ne seront pas vendues, \u00e9chang\u00e9es, transf\u00e9r\u00e9es, ou donn\u00e9es \u00e0 une autre soci\u00e9t\u00e9 pour n&rsquo;importe quel raison, sans votre consentement, en dehors de ce qui est n\u00e9cessaire pour r\u00e9pondre \u00e0 une demande et \/ ou une transaction.<\/span><\/p>\n<p><span style=\"font-weight: 400;\"><\/span><\/p>\n<p><\/p>\n<h4 class=\"wp-block-heading\" id=\"gdpr-divulgation\"><strong><span style=\"color: #292039;\">5. Divulgation \u00e0 des tiers<\/span><\/strong><\/h4>\n<p><span style=\"font-weight: 400;\"><\/span><\/p>\n<p><\/p>\n<p><span style=\"font-weight: 400;\">Nous ne vendons, n&rsquo;\u00e9changeons et ne transf\u00e9rons pas vos informations personnelles identifiables \u00e0 des tiers. Cela ne comprend pas les tierce parties de confiance qui nous aident \u00e0 exploiter notre site Web ou \u00e0 mener nos activit\u00e9s, tant que ces parties conviennent de garder ces informations confidentielles. Nous pensons qu&rsquo;il est n\u00e9cessaire de partager des informations afin d&rsquo;enqu\u00eater, de pr\u00e9venir ou de prendre des mesures concernant des activit\u00e9s ill\u00e9gales, fraudes pr\u00e9sum\u00e9es, situations impliquant des menaces potentielles \u00e0 la s\u00e9curit\u00e9 physique de toute personne, violations de nos conditions d&rsquo;utilisation, ou quand la loi nous y contraint.<\/span><\/p>\n<p>Nous traitons vos donn\u00e9es personnelles afin de remplir les obligations d\u00e9coulant de la loi et\/ou d&rsquo;utiliser vos donn\u00e9es personnelles pour les options pr\u00e9vues par la loi. Nous nous r\u00e9servons le droit de rendre anonymes les donn\u00e9es personnelles recueillies et d&rsquo;utiliser ces donn\u00e9es. Nous n&rsquo;utiliserons les donn\u00e9es en dehors du champ d&rsquo;application de la pr\u00e9sente politique que si elles sont rendues anonymes. Nous conservons vos informations de facturation et les autres informations recueillies \u00e0 votre sujet aussi longtemps que n\u00e9cessaire \u00e0 des fins comptables ou \u00e0 d&rsquo;autres obligations d\u00e9coulant de la loi, mais pas plus de 10 ans.<\/p>\n<p>Nous ne partageons pas vos donn\u00e9es personnelles avec des \u00e9trangers. Dans certains cas, les donn\u00e9es personnelles vous concernant sont communiqu\u00e9es \u00e0 nos partenaires de confiance afin de rendre possible la fourniture du service ou d&rsquo;am\u00e9liorer votre exp\u00e9rience en tant que client. Pour conna\u00eetre les cookies que nous collectons pour am\u00e9liorer votre experience de navigation, vous pouvez consulter notre\u00a0<a href=\"https:\/\/flowragency.com\/politique-de-cookies-ue\/\" target=\"_blank\" rel=\"noopener\">politique de cookies<\/a>.<\/p>\n<p>Nous ne travaillons qu&rsquo;avec des partenaires de traitement qui sont en mesure d&rsquo;assurer un niveau de protection ad\u00e9quat de vos donn\u00e9es \u00e0 caract\u00e8re personnel. Nous divulguons vos donn\u00e9es \u00e0 caract\u00e8re personnel \u00e0 des tiers ou \u00e0 des fonctionnaires lorsque nous y sommes l\u00e9galement oblig\u00e9s. Nous pouvons divulguer vos donn\u00e9es \u00e0 caract\u00e8re personnel \u00e0 des tiers si vous y avez consenti ou s&rsquo;il existe d&rsquo;autres motifs l\u00e9gaux.<br \/><span style=\"font-weight: 400;\"><\/span><\/p>\n<p><\/p>\n<h4 class=\"wp-block-heading\" id=\"gdpr-protection\"><span style=\"color: #292039;\"><strong>6. Protection des informations<\/strong><\/span><\/h4>\n<p><span style=\"font-weight: 400;\"><\/span><\/p>\n<p><\/p>\n<p><span style=\"font-weight: 400;\">Nous mettons en \u0153uvre une vari\u00e9t\u00e9 de mesures de s\u00e9curit\u00e9 pour pr\u00e9server la s\u00e9curit\u00e9 de vos informations personnelles. Seuls les employ\u00e9s qui ont besoin d&rsquo;effectuer un travail sp\u00e9cifique (par exemple, le secr\u00e9tariat ou le site web) ont acc\u00e8s aux informations personnelles identifiables. Les ordinateurs et serveurs utilis\u00e9s pour stocker des informations personnelles identifiables sont conserv\u00e9s dans un environnement s\u00e9curis\u00e9.<\/span><\/p>\n<p>Nous faisons de notre mieux pour assurer la s\u00e9curit\u00e9 de vos donn\u00e9es personnelles. Nous utilisons des protocoles s\u00fbrs pour la communication et le transfert de donn\u00e9es (tels que HTTPS). Nous utilisons l&rsquo;anonymat et le pseudonymat lorsque cela est appropri\u00e9. Nous surveillons nos syst\u00e8mes pour d\u00e9tecter d&rsquo;\u00e9ventuelles vuln\u00e9rabilit\u00e9s et attaques. Notre site web est prot\u00e9g\u00e9 contre les attaques et le spam. Nous surveillons toute tentative et adaptons r\u00e9guli\u00e8rement nos mesures de s\u00e9curit\u00e9.<\/p>\n<p>Bien que nous fassions de notre mieux, nous ne pouvons pas garantir la s\u00e9curit\u00e9 des informations. Toutefois, nous promettons d&rsquo;informer les autorit\u00e9s comp\u00e9tentes en cas de violation des donn\u00e9es. Nous vous informerons \u00e9galement en cas de menace pour vos droits ou vos int\u00e9r\u00eats. Nous ferons tout ce qui est raisonnablement possible pour pr\u00e9venir les violations de la s\u00e9curit\u00e9 et pour aider les autorit\u00e9s en cas de violation.<\/p>\n<p><span style=\"font-weight: 400;\"><\/span><\/p>\n<p><\/p>\n<h4 class=\"wp-block-heading\" id=\"gdpr-desabonner\"><span style=\"color: #292039;\"><strong>7. Se d\u00e9sabonner<\/strong><\/span><\/h4>\n<p><span style=\"font-weight: 400;\"><\/span><\/p>\n<p><\/p>\n<p><span style=\"font-weight: 400;\">Nous utilisons l&rsquo;adresse e-mail que vous fournissez pour vous envoyer des informations et r\u00e9pondre \u00e0 vos demandes de rendez-vous. Si \u00e0 n&rsquo;importe quel moment vous souhaitez ne plus recevoir d&rsquo;e-mails, vous pouvez nous le faire savoir en \u00e9crivant \u00e0 <a href=\"mailto:hello@flowragency.com\">hello@flowragency.com<\/a><\/span><\/p>\n<p>Vous pouvez \u00e9galement demander l&rsquo;anonymisation de vos donn\u00e9es personnelles par simple requ\u00eate en nous communiquant votre email.<\/p>\n<p><span style=\"font-weight: 400;\"><\/span><\/p>\n<p><\/p>\n<p><\/p>\n<h4 class=\"wp-block-heading\" id=\"gdpr-consentement\"><strong><span style=\"color: #292039;\">8. Consentement<\/span><\/strong><\/h4>\n<p><span style=\"font-weight: 400;\"><\/span><\/p>\n<p><\/p>\n<p>En utilisant notre site, vous consentez \u00e0 notre politique de confidentialit\u00e9 et de cookies. Votre consentement s&rsquo;applique au domaine www.flowragency.com<\/p>\n<p><span style=\"font-weight: 400;\"><\/span><\/p>\n<p><\/p>\n<h4 class=\"wp-block-heading\" id=\"gdpr-cookies\"><span style=\"color: #292039;\"><strong>9. Utilisation des cookies<\/strong><\/span><\/h4>\n<p><span style=\"font-weight: 400;\"><\/span><\/p>\n<p><\/p>\n<p><span style=\"font-weight: 400;\">Nos cookies am\u00e9liorent l&rsquo;acc\u00e8s \u00e0 notre site et identifient les visiteurs r\u00e9guliers. En outre, nos cookies am\u00e9liorent l&rsquo;exp\u00e9rience d&rsquo;utilisateur gr\u00e2ce au suivi et au ciblage de ses int\u00e9r\u00eats. Cependant, cette utilisation des cookies n&rsquo;est en aucune fa\u00e7on li\u00e9e \u00e0 des informations personnelles identifiables sur notre site.<\/span><\/p>\n<p><span style=\"font-weight: 400;\"><\/span><\/p>\n<p><\/p>\n<p><span style=\"font-weight: 400;\">Vous pouvez \u00e0 tout moment modifier ou retirer votre consentement de la d\u00e9claration des cookies de notre site Web.<\/span><\/p>\n<p><span style=\"font-weight: 400;\"><\/span><\/p>\n<p><\/p>\n<h5 class=\"wp-block-heading\"><span style=\"color: #292039;\"><strong>Que sont les cookies?<\/strong><\/span><\/h5>\n<p><span style=\"font-weight: 400;\"><\/span><\/p>\n<p><\/p>\n<p><span style=\"font-weight: 400;\">Les cookies sont de petits fichiers texte utilis\u00e9s pour stocker de petites informations. Les cookies sont stock\u00e9s sur votre appareil lorsque le site Web est charg\u00e9 sur votre navigateur. Ces cookies nous aident \u00e0 faire fonctionner le site Web correctement, \u00e0 le s\u00e9curiser davantage, \u00e0 offrir une meilleure exp\u00e9rience utilisateur, \u00e0 comprendre le fonctionnement du site et \u00e0 analyser ce qui fonctionne et les points \u00e0 am\u00e9liorer.<\/span><\/p>\n<p><span style=\"font-weight: 400;\"><\/span><\/p>\n<p><\/p>\n<h5 class=\"wp-block-heading\"><span style=\"color: #292039;\"><strong>Comment utilisons-nous les cookies?<\/strong><\/span><\/h5>\n<p><span style=\"font-weight: 400;\"><\/span><\/p>\n<p><\/p>\n<p><span style=\"font-weight: 400;\">Sur la plupart des services en ligne, notre site Web utilise des cookies propri\u00e9taires et des cookies tiers \u00e0 diff\u00e9rentes fins. Les cookies de premi\u00e8re partie sont principalement n\u00e9cessaires au bon fonctionnement du site Web et ne collectent aucune de vos donn\u00e9es personnellement identifiables. Les cookies tiers utilis\u00e9s sur nos sites Web sont utilis\u00e9s pour comprendre le fonctionnement du site Web, votre interaction avec notre site Web, la s\u00e9curit\u00e9 de nos services, la diffusion d&rsquo;annonces qui vous int\u00e9ressent et le tout pour vous fournir une meilleure exp\u00e9rience utilisateur et aide \u00e0 acc\u00e9l\u00e9rer vos interactions futures avec notre site Web.<\/span><\/p>\n<p><span style=\"font-weight: 400;\"><\/span><\/p>\n<p><\/p>\n<h5 class=\"wp-block-heading\"><span style=\"color: #292039;\"><strong>Quels types de cookies utilisons-nous?<\/strong><\/span><\/h5>\n<p><span style=\"font-weight: 400;\"><\/span><\/p>\n<p><\/p>\n<p><strong>Statistiques:<\/strong> Ces cookies stockent des informations telles que le nombre de visiteurs sur le site Web, le nombre de visiteurs uniques, les pages du site Web consult\u00e9es, la source de la visite etc. Ces donn\u00e9es nous aident \u00e0 comprendre et \u00e0 analyser les performances du site Web et les domaines dans lesquels il doit \u00eatre am\u00e9lior\u00e9.<\/p>\n<p><strong>Fonctionnel:<\/strong> Il s&rsquo;agit des cookies qui aident certaines fonctionnalit\u00e9s non essentielles sur notre site Web. Ces fonctionnalit\u00e9s incluent l\u2019int\u00e9gration de contenus tels que des <a href=\"https:\/\/flowragency.com\/video-libre-de-droit\/\">vid\u00e9os ou le partage de contenus sur le site<\/a> Web sur des plates-formes de m\u00e9dias sociaux.<\/p>\n<p><strong>Pr\u00e9f\u00e9rences:<\/strong> Ces cookies nous aident \u00e0 enregistrer vos param\u00e8tres et vos pr\u00e9f\u00e9rences de navigation, telles que les pr\u00e9f\u00e9rences de langue, de mani\u00e8re \u00e0 vous permettre de vivre une exp\u00e9rience optimale lors de vos prochaines visites sur le site.<\/p>\n<p><span style=\"font-weight: 400;\"><\/span><\/p>\n<p><\/p>\n<h5 class=\"wp-block-heading\"><span style=\"color: #292039;\"><strong>Comment puis-je contr\u00f4ler les pr\u00e9f\u00e9rences en mati\u00e8re de cookies?<\/strong><\/span><\/h5>\n<p><span style=\"font-weight: 400;\"><\/span><\/p>\n<p><\/p>\n<p><span style=\"font-weight: 400;\">Si vous d\u00e9cidez de modifier vos pr\u00e9f\u00e9rences ult\u00e9rieurement au cours de votre session de navigation, vous pouvez cliquer sur l&rsquo;onglet \u00ab Politique de confidentialit\u00e9 et cookies \u00bb de votre \u00e9cran. Cela affichera \u00e0 nouveau l&rsquo;avis de consentement, ce qui vous permettra de modifier vos pr\u00e9f\u00e9rences ou de retirer votre consentement compl\u00e8tement.<br \/><\/span><\/p>\n<p>Vous pouvez supprimer les cookies stock\u00e9s sur votre ordinateur via les param\u00e8tres de votre navigateur. Vous pouvez \u00e9galement contr\u00f4ler certains cookies tiers en utilisant une plateforme d&rsquo;am\u00e9lioration de la confidentialit\u00e9 telle que optout.aboutads.info ou youronlinechoices.com. Pour plus d&rsquo;informations sur les cookies, visitez le site <a href=\"http:\/\/allaboutcookies.org\" target=\"_blank\" rel=\"noopener\">allaboutcookies.org<\/a>.<\/p>\n<p>Nous utilisons Google Analytics pour mesurer le trafic sur notre site web. Google a sa propre politique de confidentialit\u00e9 que vous pouvez consulter <a href=\"https:\/\/support.google.com\/analytics\/answer\/6004245\" target=\"_blank\" rel=\"noopener\">ici<\/a>. Si vous souhaitez vous d\u00e9sengager du suivi par Google Analytics, visitez <a href=\"https:\/\/tools.google.com\/dlpage\/gaoptout\" target=\"_blank\" rel=\"noopener\">la page de d\u00e9sengagement de Google Analytics<\/a>.<\/p>\n<h4 id=\"contact\"><span style=\"color: #292039;\"><strong>10.<\/strong> <strong>Contact information<\/strong><\/span><\/h4>\n<p><strong>Adresse<\/strong> : 64 triq San Frangisk, Bormla BLM 9064, Malte<\/p>\n<p><strong>Mail<\/strong> : <a href=\"mailto:hello@flowragency.com\">hello@flowragency.com<\/a><\/p>\n<p><strong>Tel<\/strong> : 06 58 92 87 52<\/p>\n<p><span style=\"font-weight: 400;\"><\/span><\/p>\n<p><\/p>\n<h4 class=\"wp-block-heading\" id=\"gdpr-controle\"><strong><span style=\"color: #292039;\">11. Autorit\u00e9 de contr\u00f4le<\/span><\/strong><\/h4>\n<p><span style=\"font-weight: 400;\"><\/span><\/p>\n<p><\/p>\n<p>CNIL \u2013 Commission nationale de l&rsquo;informatique et des libert\u00e9s<\/p>\n<p><span style=\"font-weight: 400;\"><\/span><\/p>\n<p><\/p>\n<p>Site web: <a href=\"http:\/\/www.cnil.fr\/\" target=\"_blank\" rel=\"noreferrer noopener\">http:\/\/www.cnil.fr\/<\/a><br \/>T\u00e9l\u00e9phone: 01 53 73 22 22<\/p>\n<p><span style=\"font-weight: 400;\"><\/span><\/p>\n<p><\/p>\n<p>Nous nous r\u00e9servons le droit de modifier cette politique de confidentialit\u00e9. La derni\u00e8re modification a \u00e9t\u00e9 effectu\u00e9e le 18 septembre 2021.<\/p>\n<p><span style=\"font-weight: 400;\"><\/span><\/p>\t\t\t\t\t\t\t\t<\/div>\n\t\t\t\t<\/div>\n\t\t\t\t\t<\/div>\n\t\t\t\t<\/div>\n\t\t\t\t<\/div>\n\t\t","protected":false},"excerpt":{"rendered":"<p>Prenez le contr\u00f4le de votre croissance digitale. Flowr Agency s&rsquo;engage \u00e0 prot\u00e9ger votre vie priv\u00e9e. Contactez-nous \u00e0 l&rsquo;adresse hello@flowragency.com si vous avez des questions ou des probl\u00e8mes concernant l&rsquo;utilisation de vos donn\u00e9es personnelles et nous serons heureux de vous aider. En utilisant ce site ou\/et nos services, vous consentez au traitement de vos donn\u00e9es personnelles [&hellip;]<\/p>\n","protected":false},"author":2,"featured_media":6062,"parent":0,"menu_order":0,"comment_status":"closed","ping_status":"closed","template":"elementor_header_footer","meta":{"footnotes":""},"class_list":["post-6040","page","type-page","status-publish","has-post-thumbnail","hentry"],"_links":{"self":[{"href":"https:\/\/flowragency.com\/en\/wp-json\/wp\/v2\/pages\/6040","targetHints":{"allow":["GET"]}}],"collection":[{"href":"https:\/\/flowragency.com\/en\/wp-json\/wp\/v2\/pages"}],"about":[{"href":"https:\/\/flowragency.com\/en\/wp-json\/wp\/v2\/types\/page"}],"author":[{"embeddable":true,"href":"https:\/\/flowragency.com\/en\/wp-json\/wp\/v2\/users\/2"}],"replies":[{"embeddable":true,"href":"https:\/\/flowragency.com\/en\/wp-json\/wp\/v2\/comments?post=6040"}],"version-history":[{"count":7,"href":"https:\/\/flowragency.com\/en\/wp-json\/wp\/v2\/pages\/6040\/revisions"}],"predecessor-version":[{"id":16210,"href":"https:\/\/flowragency.com\/en\/wp-json\/wp\/v2\/pages\/6040\/revisions\/16210"}],"wp:featuredmedia":[{"embeddable":true,"href":"https:\/\/flowragency.com\/en\/wp-json\/wp\/v2\/media\/6062"}],"wp:attachment":[{"href":"https:\/\/flowragency.com\/en\/wp-json\/wp\/v2\/media?parent=6040"}],"curies":[{"name":"wp","href":"https:\/\/api.w.org\/{rel}","templated":true}]}}